{"id":131,"date":"2019-10-04T08:54:20","date_gmt":"2019-10-04T06:54:20","guid":{"rendered":"http:\/\/stalmart.pl\/?page_id=131"},"modified":"2024-07-15T16:17:12","modified_gmt":"2024-07-15T14:17:12","slug":"o-nas","status":"publish","type":"page","link":"https:\/\/stalmart.pl\/","title":{"rendered":"OFERTA"},"content":{"rendered":"\n<p class=\"has-black-color has-text-color\">Zajmujemy si\u0119 r\u0119czn\u0105 produkcj\u0105 stela\u017cy do mebli industrialnych na zam\u00f3wienie. Przyk\u0142adamy du\u017c\u0105 uwag\u0119 do jako\u015bci oraz staranno\u015bci wykonania naszych produkt\u00f3w. Nie skupiamy si\u0119 jedynie na produkcji stela\u017cy meblowych, jedynym ograniczeniem jest wyobra\u017ania klienta. <\/p>\n\n\n\n<p>Nasza firma specjalizuje si\u0119 w produkcji stela\u017cy do mebli loftowych, kt\u00f3re s\u0105 wykonane z wysokiej jako\u015bci stali malowanej proszkowo. Nasze meble s\u0105 dost\u0119pne na zam\u00f3wienie, oznacza to, \u017ce ka\u017cdy klient ma mo\u017cliwo\u015b\u0107 skonfigurowania mebli wed\u0142ug w\u0142asnych wymaga\u0144 i preferencji. W ofercie posiadamy r\u00f3wnie\u017c w\u0142asne produkty .<\/p>\n\n\n\n<p><br>\u015aredni czas realizacji wynosi oko\u0142o 10 dni roboczych.<\/p>\n\n\n\n<p><br>Wszystkie meble, kt\u00f3re wytwarzamy, s\u0105 r\u0119cznie robione. Dzi\u0119ki temu ka\u017cdy produkt, kt\u00f3ry opuszcza nasze zak\u0142ad, jest starannie wykonany i zaprojektowany z my\u015bl\u0105 o najwy\u017cszej jako\u015bci i trwa\u0142o\u015bci.<\/p>\n\n\n\n<p>Oferujemy szeroki wyb\u00f3r stela\u017cy w tym pod sto\u0142y, krzes\u0142a, \u0142awy, szafy, rega\u0142y, p\u00f3\u0142ki i wiele innych.<br>Je\u017celi masz jaki\u015b ciekawy pomys\u0142 na niebanalny mebel,<strong> <\/strong><a href=\"http:\/\/stalmart.pl\/index.php\/kontakt\/\"><strong>skontaktuj<\/strong><\/a><strong> <\/strong>si\u0119 z nami a razem zrealizujemy Tw\u00f3j projekt.<\/p>\n\n\n\n<p><br><br><br><\/p>\n","protected":false},"excerpt":{"rendered":"<p>Zajmujemy si\u0119 r\u0119czn\u0105 produkcj\u0105 stela\u017cy do mebli industrialnych na zam\u00f3wienie. Przyk\u0142adamy du\u017c\u0105 uwag\u0119 do jako\u015bci oraz staranno\u015bci wykonania naszych produkt\u00f3w. Nie skupiamy si\u0119 jedynie na produkcji stela\u017cy meblowych, jedynym ograniczeniem jest wyobra\u017ania klienta. Nasza firma specjalizuje si\u0119 w produkcji stela\u017cy do mebli loftowych, kt\u00f3re s\u0105 wykonane z wysokiej jako\u015bci stali [&hellip;]<\/p>\n","protected":false},"author":1,"featured_media":146,"parent":0,"menu_order":0,"comment_status":"closed","ping_status":"closed","template":"","meta":{"footnotes":""},"class_list":["post-131","page","type-page","status-publish","has-post-thumbnail","hentry"],"_links":{"self":[{"href":"https:\/\/stalmart.pl\/index.php\/wp-json\/wp\/v2\/pages\/131","targetHints":{"allow":["GET"]}}],"collection":[{"href":"https:\/\/stalmart.pl\/index.php\/wp-json\/wp\/v2\/pages"}],"about":[{"href":"https:\/\/stalmart.pl\/index.php\/wp-json\/wp\/v2\/types\/page"}],"author":[{"embeddable":true,"href":"https:\/\/stalmart.pl\/index.php\/wp-json\/wp\/v2\/users\/1"}],"replies":[{"embeddable":true,"href":"https:\/\/stalmart.pl\/index.php\/wp-json\/wp\/v2\/comments?post=131"}],"version-history":[{"count":17,"href":"https:\/\/stalmart.pl\/index.php\/wp-json\/wp\/v2\/pages\/131\/revisions"}],"predecessor-version":[{"id":323,"href":"https:\/\/stalmart.pl\/index.php\/wp-json\/wp\/v2\/pages\/131\/revisions\/323"}],"wp:featuredmedia":[{"embeddable":true,"href":"https:\/\/stalmart.pl\/index.php\/wp-json\/wp\/v2\/media\/146"}],"wp:attachment":[{"href":"https:\/\/stalmart.pl\/index.php\/wp-json\/wp\/v2\/media?parent=131"}],"curies":[{"name":"wp","href":"https:\/\/api.w.org\/{rel}","templated":true}]}}