{"id":302,"date":"2021-01-30T13:12:24","date_gmt":"2021-01-30T12:12:24","guid":{"rendered":"https:\/\/stalmart.pl\/?page_id=302"},"modified":"2021-01-30T13:12:25","modified_gmt":"2021-01-30T12:12:25","slug":"polityka-prywatnosci","status":"publish","type":"page","link":"https:\/\/stalmart.pl\/index.php\/polityka-prywatnosci\/","title":{"rendered":"Polityka prywatno\u015bci"},"content":{"rendered":"\n<p>Zgodnie z&nbsp;art. 13 ust. 1 i&nbsp;2 rozporz\u0105dzenia Parlamentu Europejskiego i&nbsp;Rady (UE) 2016\/679 z&nbsp;dnia 27 kwietnia 2016 r. w&nbsp;sprawie ochrony os\u00f3b fizycznych w&nbsp;zwi\u0105zku z&nbsp;przetwarzaniem danych osobowych i&nbsp;w&nbsp;sprawie swobodnego przep\u0142ywu takich danych oraz uchylenia dyrektywy 95\/46\/WE (og\u00f3lne rozporz\u0105dzenie o&nbsp;ochronie danych, dalej: RODO) informujemy, \u017ce:<\/p>\n\n\n\n<p>Administratorem Pana\/Pani danych jest:<\/p>\n\n\n\n<p>Rafa\u0142 Wojtachnio, przedsi\u0119biorca prowadz\u0105cy dzia\u0142alno\u015b\u0107 gospodarcz\u0105 pod nazw\u0105 StalMart Rafa\u0142 Wojtachnio, wpisany do Centralnej Ewidencji i Informacji o Dzia\u0142alno\u015bci Gospodarczej prowadzonej przez ministra w\u0142a\u015bciwego do spraw gospodarki i prowadzenia Centralnej Ewidencji i Informacji o Dzia\u0142alno\u015bci Gospodarczej, NIP 6482591680 , ul Do\u017cynkowa 32 41-800 Zabrze.<\/p>\n\n\n\n<p>W sprawach zwi\u0105zanych z&nbsp;ochron\u0105 danych osobowych mo\u017cna kontaktowa\u0107 si\u0119 pisz\u0105c na adres e-mail <a href=\"mailto:biuro@stalmart.pl\">biuro@stalmart.pl<\/a><\/p>\n\n\n\n<p>Pana\/Pani dane osobowe b\u0119d\u0105 przetwarzane w&nbsp;celu:<\/p>\n\n\n\n<p>\u015awiadczenia oferowanych us\u0142ug , realizacji zam\u00f3wie\u0144, na podstawie :<\/p>\n\n\n\n<ul class=\"wp-block-list\"><li>Umowa sprzeda\u017cy lub dzia\u0142ania podejmowane na Twoje \u017c\u0105danie, zmierzaj\u0105ce do jej zawarcia (art. 6 ust. 1 lit. b RODO)<\/li><li>Ci\u0105\u017c\u0105cy na nas obowi\u0105zek prawny, np. zwi\u0105zany z rachunkowo\u015bci\u0105 (art. 6 ust. 1 lit. c RODO)<\/li><li>Umowa o \u015bwiadczenie us\u0142ug lub dzia\u0142ania podejmowane na Twoje \u017c\u0105danie, zmierzaj\u0105ce do jej zawarcia (art. 6 ust. 1 lit. b RODO)<\/li><li>Nasz prawnie uzasadniony interes, polegaj\u0105cy na przetwarzaniu danych w celu ustalenia, dochodzenia lub obrony ewentualnych roszcze\u0144 (art. 6 ust. 1 lit. f RODO)<\/li><\/ul>\n\n\n\n<p>Odbiorcami Pana\/Pani danych osobowych b\u0119d\u0105 nast\u0119puj\u0105ce podmioty:<\/p>\n\n\n\n<ul class=\"wp-block-list\"><li>podmiot realizuj\u0105cy dostaw\u0119 towar\u00f3w<\/li><li>biuro ksi\u0119gowe<\/li><li>dostawca oprogramowania u\u0142atwiaj\u0105cego prowadzenie dzia\u0142alno\u015bci (np. oprogramowanie ksi\u0119gowe)<\/li><li>odpowiednie organy publiczne w zakresie, w jakim Administrator jest zobowi\u0105zany do udost\u0119pnienia im danych<\/li><\/ul>\n\n\n\n<p>Pana\/Pani dane osobowe przetwarza\u0107 tylko przez okres, w kt\u00f3rym b\u0119dziemy mie\u0107 ku temu podstaw\u0119 prawn\u0105, a wi\u0119c do momentu, w kt\u00f3rym<\/p>\n\n\n\n<ul class=\"wp-block-list\"><li>przestanie ci\u0105\u017cy\u0107 na nas obowi\u0105zek prawny, zobowi\u0105zuj\u0105cy nas do przetwarzania Twoich danych<\/li><li>ustanie mo\u017cliwo\u015b\u0107 ustalania, dochodzenia lub obrony ewentualnych roszcze\u0144 zwi\u0105zanych z umow\u0105 zawart\u0105 przez Sklep przez strony<\/li><li>cofniesz zgod\u0119 na przetwarzanie danych, je\u015bli to ona by\u0142a jego podstaw\u0105<\/li><li>zostanie przyj\u0119ty Tw\u00f3j sprzeciw wobec przetwarzania Twoich danych osobowych &#8211; w przypadku gdy podstaw\u0105 przetwarzania Twoich danych by\u0142 uzasadniony interes administratora lub gdy dane by\u0142y przetwarzane w celu marketingu bezpo\u015bredniego, w tym profilowania<\/li><\/ul>\n\n\n\n<p>Posiada Pan\/Pani prawo:<\/p>\n\n\n\n<ul class=\"wp-block-list\"><li>dost\u0119pu do swoich danych osobowych,<ul><li>sprostowania swoich danych osobowych,<\/li><\/ul><ul><li>usuni\u0119cia swoich danych osobowych,<\/li><\/ul><ul><li>ograniczenia przetwarzania swoich danych osobowych,<\/li><\/ul><ul><li>cofni\u0119cia zgody na przetwarzanie danych osobowych przez wys\u0142anie takiego \u017c\u0105dania na adres <a href=\"mailto:biuro@stalmart.pl\">biuro@stalmart.pl<\/a> &nbsp;je\u017celi uprzednio wyrazi\u0142(a) Pan\/Pani tak\u0105 zgod\u0119 i&nbsp;przetwarzanie dotycz\u0105cych Pana\/Pani danych odbywa si\u0119 na jej podstawie,<\/li><\/ul><ul><li>przenoszenia swoich danych osobowych<\/li><\/ul><ul><li>wniesienia sprzeciwu wobec przetwarzania swoich danych osobowych z&nbsp;przyczyn zwi\u0105zanych z&nbsp;Pana\/Pani szczeg\u00f3ln\u0105 sytuacj\u0105, zgodnie z&nbsp;art. 21 RODO.<\/li><\/ul><\/li><\/ul>\n\n\n\n<p>Niezale\u017cnie od powy\u017cszego przys\u0142uguje Panu\/Pani uprawnienie do wniesienia skargi do organu nadzorczego, tj. Prezesa Urz\u0119du Ochrony Danych Osobowych (ul. Stawki 2, 00-193 Warszawa), gdy uzna Pan\/Pani, \u017ce przetwarzanie Pana\/Pani danych osobowych narusza przepisy RODO.<\/p>\n\n\n\n<p>Podanie przez Pana\/Pani\u0105 danych osobowych jest &nbsp;Dobrowolne, ale w niekt\u00f3rych przypadkach mo\u017ce by\u0107 konieczne do zawarcia umowy.<\/p>\n\n\n\n<p>W ka\u017cdej chwili przys\u0142uguje Panu\/Pani prawo do cofni\u0119cia zgody na przetwarzanie danych.<\/p>\n\n\n\n<p>Przetwarzanie danych do momentu cofni\u0119cia przez Ciebie zgody pozostaje zgodne z prawem.<\/p>\n\n\n\n<p>W przypadku niepodania przez Pana\/Pani\u0105 danych osobowych mo\u017ce skutkowa\u0107 niemo\u017cliwo\u015bci\u0105&nbsp; realizacji zam\u00f3wienia , dostawy.<\/p>\n\n\n\n<p>Pani\/Pana dane osobowe nie b\u0119d\u0105 przekazywane poza terytorium Europejskiego Obszaru Gospodarczego\/do organizacji mi\u0119dzynarodowej.<\/p>\n\n\n\n<p>Pana\/Pani dane osobowe nie b\u0119d\u0105 przetwarzane w&nbsp;spos\u00f3b zautomatyzowany (w tym w&nbsp;formie profilowania) tak, \u017ce w&nbsp;wyniku takiego zautomatyzowanego przetwarzania mog\u0142yby zapada\u0107 jakiekolwiek decyzje.<\/p>\n\n\n\n<p>Przetwarzaj\u0105c Twoje dane osobowe stosujemy \u015brodki organizacyjne i techniczne zgodne z w\u0142a\u015bciwymi przepisami prawa, w tym stosujemy szyfrowanie po\u0142\u0105czenia za pomoc\u0105 certyfikatu SSL.<\/p>\n","protected":false},"excerpt":{"rendered":"<p>Zgodnie z&nbsp;art. 13 ust. 1 i&nbsp;2 rozporz\u0105dzenia Parlamentu Europejskiego i&nbsp;Rady (UE) 2016\/679 z&nbsp;dnia 27 kwietnia 2016 r. w&nbsp;sprawie ochrony os\u00f3b fizycznych w&nbsp;zwi\u0105zku z&nbsp;przetwarzaniem danych osobowych i&nbsp;w&nbsp;sprawie swobodnego przep\u0142ywu takich danych oraz uchylenia dyrektywy 95\/46\/WE (og\u00f3lne rozporz\u0105dzenie o&nbsp;ochronie danych, dalej: RODO) informujemy, \u017ce: Administratorem Pana\/Pani danych jest: Rafa\u0142 Wojtachnio, przedsi\u0119biorca prowadz\u0105cy [&hellip;]<\/p>\n","protected":false},"author":1,"featured_media":0,"parent":0,"menu_order":0,"comment_status":"closed","ping_status":"closed","template":"","meta":{"footnotes":""},"class_list":["post-302","page","type-page","status-publish","hentry"],"_links":{"self":[{"href":"https:\/\/stalmart.pl\/index.php\/wp-json\/wp\/v2\/pages\/302","targetHints":{"allow":["GET"]}}],"collection":[{"href":"https:\/\/stalmart.pl\/index.php\/wp-json\/wp\/v2\/pages"}],"about":[{"href":"https:\/\/stalmart.pl\/index.php\/wp-json\/wp\/v2\/types\/page"}],"author":[{"embeddable":true,"href":"https:\/\/stalmart.pl\/index.php\/wp-json\/wp\/v2\/users\/1"}],"replies":[{"embeddable":true,"href":"https:\/\/stalmart.pl\/index.php\/wp-json\/wp\/v2\/comments?post=302"}],"version-history":[{"count":1,"href":"https:\/\/stalmart.pl\/index.php\/wp-json\/wp\/v2\/pages\/302\/revisions"}],"predecessor-version":[{"id":303,"href":"https:\/\/stalmart.pl\/index.php\/wp-json\/wp\/v2\/pages\/302\/revisions\/303"}],"wp:attachment":[{"href":"https:\/\/stalmart.pl\/index.php\/wp-json\/wp\/v2\/media?parent=302"}],"curies":[{"name":"wp","href":"https:\/\/api.w.org\/{rel}","templated":true}]}}